{"id":47,"date":"2020-02-08T16:23:27","date_gmt":"2020-02-08T16:23:27","guid":{"rendered":"https:\/\/wp.niebergall.fr\/?page_id=47"},"modified":"2020-08-25T10:18:12","modified_gmt":"2020-08-25T10:18:12","slug":"zeichenblog","status":"publish","type":"page","link":"https:\/\/wp.niebergall.fr\/index.php\/startseite\/zeichenblog\/","title":{"rendered":"Zeichenblog"},"content":{"rendered":"\t\t<div data-elementor-type=\"wp-page\" data-elementor-id=\"47\" class=\"elementor elementor-47\" data-elementor-settings=\"[]\">\n\t\t\t\t\t\t<div class=\"elementor-inner\">\n\t\t\t\t\t\t\t<div class=\"elementor-section-wrap\">\n\t\t\t\t\t\t\t<section class=\"elementor-section elementor-top-section elementor-element elementor-element-5e6acb11 elementor-section-boxed elementor-section-height-default elementor-section-height-default\" data-id=\"5e6acb11\" data-element_type=\"section\">\n\t\t\t\t\t\t<div class=\"elementor-container elementor-column-gap-default\">\n\t\t\t\t\t\t\t<div class=\"elementor-row\">\n\t\t\t\t\t<div class=\"elementor-column elementor-col-100 elementor-top-column elementor-element elementor-element-8328dd6\" data-id=\"8328dd6\" data-element_type=\"column\">\n\t\t\t<div class=\"elementor-column-wrap elementor-element-populated\">\n\t\t\t\t\t\t\t<div class=\"elementor-widget-wrap\">\n\t\t\t\t\t\t<div class=\"elementor-element elementor-element-4b8b401 elementor-widget elementor-widget-text-editor\" data-id=\"4b8b401\" data-element_type=\"widget\" data-widget_type=\"text-editor.default\">\n\t\t\t\t<div class=\"elementor-widget-container\">\n\t\t\t\t\t<div class=\"elementor-text-editor elementor-clearfix\"><!-- wp:paragraph -->\n<p>Schreibe bitte deine Meinung in die Kommentare<br><\/p>\n<!-- \/wp:paragraph --><\/div>\n\t\t\t\t<\/div>\n\t\t\t\t<\/div>\n\t\t\t\t\t\t<\/div>\n\t\t\t\t\t<\/div>\n\t\t<\/div>\n\t\t\t\t\t\t\t\t<\/div>\n\t\t\t\t\t<\/div>\n\t\t<\/section>\n\t\t\t\t<section class=\"elementor-section elementor-top-section elementor-element elementor-element-c8db88f elementor-section-boxed elementor-section-height-default elementor-section-height-default\" data-id=\"c8db88f\" data-element_type=\"section\">\n\t\t\t\t\t\t<div class=\"elementor-container elementor-column-gap-default\">\n\t\t\t\t\t\t\t<div class=\"elementor-row\">\n\t\t\t\t\t<div class=\"elementor-column elementor-col-100 elementor-top-column elementor-element elementor-element-7ddf626\" data-id=\"7ddf626\" data-element_type=\"column\">\n\t\t\t<div class=\"elementor-column-wrap elementor-element-populated\">\n\t\t\t\t\t\t\t<div class=\"elementor-widget-wrap\">\n\t\t\t\t\t\t<div class=\"elementor-element elementor-element-5d1c703 elementor-widget elementor-widget-image\" data-id=\"5d1c703\" data-element_type=\"widget\" data-widget_type=\"image.default\">\n\t\t\t\t<div class=\"elementor-widget-container\">\n\t\t\t\t\t<div class=\"elementor-image\">\n\t\t\t\t\t\t\t\t\t\t<img width=\"525\" height=\"525\" src=\"https:\/\/wp.niebergall.fr\/wp-content\/uploads\/2020\/02\/drache_02-1024x1024.png\" class=\"attachment-large size-large\" alt=\"\" loading=\"lazy\" srcset=\"https:\/\/wp.niebergall.fr\/wp-content\/uploads\/2020\/02\/drache_02-1024x1024.png 1024w, https:\/\/wp.niebergall.fr\/wp-content\/uploads\/2020\/02\/drache_02-300x300.png 300w, https:\/\/wp.niebergall.fr\/wp-content\/uploads\/2020\/02\/drache_02-150x150.png 150w, https:\/\/wp.niebergall.fr\/wp-content\/uploads\/2020\/02\/drache_02-768x768.png 768w, https:\/\/wp.niebergall.fr\/wp-content\/uploads\/2020\/02\/drache_02-1536x1536.png 1536w, https:\/\/wp.niebergall.fr\/wp-content\/uploads\/2020\/02\/drache_02-100x100.png 100w, https:\/\/wp.niebergall.fr\/wp-content\/uploads\/2020\/02\/drache_02.png 2000w\" sizes=\"100vw\" \/>\t\t\t\t\t\t\t\t\t\t\t<\/div>\n\t\t\t\t<\/div>\n\t\t\t\t<\/div>\n\t\t\t\t\t\t<\/div>\n\t\t\t\t\t<\/div>\n\t\t<\/div>\n\t\t\t\t\t\t\t\t<\/div>\n\t\t\t\t\t<\/div>\n\t\t<\/section>\n\t\t\t\t<section class=\"elementor-section elementor-top-section elementor-element elementor-element-5c571fc elementor-section-boxed elementor-section-height-default elementor-section-height-default\" data-id=\"5c571fc\" data-element_type=\"section\">\n\t\t\t\t\t\t<div class=\"elementor-container elementor-column-gap-default\">\n\t\t\t\t\t\t\t<div class=\"elementor-row\">\n\t\t\t\t\t<div class=\"elementor-column elementor-col-100 elementor-top-column elementor-element elementor-element-57e61fd\" data-id=\"57e61fd\" data-element_type=\"column\">\n\t\t\t<div class=\"elementor-column-wrap elementor-element-populated\">\n\t\t\t\t\t\t\t<div class=\"elementor-widget-wrap\">\n\t\t\t\t\t\t<div class=\"elementor-element elementor-element-603bd33 elementor-widget elementor-widget-text-editor\" data-id=\"603bd33\" data-element_type=\"widget\" data-widget_type=\"text-editor.default\">\n\t\t\t\t<div class=\"elementor-widget-container\">\n\t\t\t\t\t<div class=\"elementor-text-editor elementor-clearfix\"><p>Hier habe ich mich von einer der vielen Kreaturen aus ERAGON inspirieren lassen.<\/p><\/div>\n\t\t\t\t<\/div>\n\t\t\t\t<\/div>\n\t\t\t\t\t\t<\/div>\n\t\t\t\t\t<\/div>\n\t\t<\/div>\n\t\t\t\t\t\t\t\t<\/div>\n\t\t\t\t\t<\/div>\n\t\t<\/section>\n\t\t\t\t<section class=\"elementor-section elementor-top-section elementor-element elementor-element-aaf3a93 elementor-section-boxed elementor-section-height-default elementor-section-height-default\" data-id=\"aaf3a93\" data-element_type=\"section\">\n\t\t\t\t\t\t<div class=\"elementor-container elementor-column-gap-default\">\n\t\t\t\t\t\t\t<div class=\"elementor-row\">\n\t\t\t\t\t<div class=\"elementor-column elementor-col-100 elementor-top-column elementor-element elementor-element-32d0c37\" data-id=\"32d0c37\" data-element_type=\"column\">\n\t\t\t<div class=\"elementor-column-wrap elementor-element-populated\">\n\t\t\t\t\t\t\t<div class=\"elementor-widget-wrap\">\n\t\t\t\t\t\t<div class=\"elementor-element elementor-element-0f9431a elementor-widget elementor-widget-image\" data-id=\"0f9431a\" data-element_type=\"widget\" data-widget_type=\"image.default\">\n\t\t\t\t<div class=\"elementor-widget-container\">\n\t\t\t\t\t<div class=\"elementor-image\">\n\t\t\t\t\t\t\t\t\t\t<img width=\"525\" height=\"525\" src=\"https:\/\/wp.niebergall.fr\/wp-content\/uploads\/2020\/02\/Schamane.png\" class=\"attachment-large size-large\" alt=\"\" loading=\"lazy\" srcset=\"https:\/\/wp.niebergall.fr\/wp-content\/uploads\/2020\/02\/Schamane.png 1000w, https:\/\/wp.niebergall.fr\/wp-content\/uploads\/2020\/02\/Schamane-300x300.png 300w, https:\/\/wp.niebergall.fr\/wp-content\/uploads\/2020\/02\/Schamane-150x150.png 150w, https:\/\/wp.niebergall.fr\/wp-content\/uploads\/2020\/02\/Schamane-768x768.png 768w, https:\/\/wp.niebergall.fr\/wp-content\/uploads\/2020\/02\/Schamane-100x100.png 100w\" sizes=\"100vw\" \/>\t\t\t\t\t\t\t\t\t\t\t<\/div>\n\t\t\t\t<\/div>\n\t\t\t\t<\/div>\n\t\t\t\t\t\t<\/div>\n\t\t\t\t\t<\/div>\n\t\t<\/div>\n\t\t\t\t\t\t\t\t<\/div>\n\t\t\t\t\t<\/div>\n\t\t<\/section>\n\t\t\t\t<section class=\"elementor-section elementor-top-section elementor-element elementor-element-f7fc8e7 elementor-section-boxed elementor-section-height-default elementor-section-height-default\" data-id=\"f7fc8e7\" data-element_type=\"section\">\n\t\t\t\t\t\t<div class=\"elementor-container elementor-column-gap-default\">\n\t\t\t\t\t\t\t<div class=\"elementor-row\">\n\t\t\t\t\t<div class=\"elementor-column elementor-col-100 elementor-top-column elementor-element elementor-element-d0607bc\" data-id=\"d0607bc\" data-element_type=\"column\">\n\t\t\t<div class=\"elementor-column-wrap elementor-element-populated\">\n\t\t\t\t\t\t\t<div class=\"elementor-widget-wrap\">\n\t\t\t\t\t\t<div class=\"elementor-element elementor-element-008e392 elementor-widget elementor-widget-text-editor\" data-id=\"008e392\" data-element_type=\"widget\" data-widget_type=\"text-editor.default\">\n\t\t\t\t<div class=\"elementor-widget-container\">\n\t\t\t\t\t<div class=\"elementor-text-editor elementor-clearfix\"><p>Mein erstes Bild mit dem Zeichen-Tablett!<\/p>\n<p>Schreib bitte in die Kommentare was du dazu meinst. Ich bin gerne auch f\u00fcr weitere Ideen empf\u00e4nglich, ich ver\u00f6ffentliche sie dann in diesem Blog<\/p><\/div>\n\t\t\t\t<\/div>\n\t\t\t\t<\/div>\n\t\t\t\t\t\t<\/div>\n\t\t\t\t\t<\/div>\n\t\t<\/div>\n\t\t\t\t\t\t\t\t<\/div>\n\t\t\t\t\t<\/div>\n\t\t<\/section>\n\t\t\t\t<section class=\"elementor-section elementor-top-section elementor-element elementor-element-74d06e9 elementor-section-boxed elementor-section-height-default elementor-section-height-default\" data-id=\"74d06e9\" data-element_type=\"section\">\n\t\t\t\t\t\t<div class=\"elementor-container elementor-column-gap-default\">\n\t\t\t\t\t\t\t<div class=\"elementor-row\">\n\t\t\t\t\t<div class=\"elementor-column elementor-col-100 elementor-top-column elementor-element elementor-element-66c6bb1\" data-id=\"66c6bb1\" data-element_type=\"column\">\n\t\t\t<div class=\"elementor-column-wrap elementor-element-populated\">\n\t\t\t\t\t\t\t<div class=\"elementor-widget-wrap\">\n\t\t\t\t\t\t<div class=\"elementor-element elementor-element-6a54ce9 elementor-widget elementor-widget-image\" data-id=\"6a54ce9\" data-element_type=\"widget\" data-widget_type=\"image.default\">\n\t\t\t\t<div class=\"elementor-widget-container\">\n\t\t\t\t\t<div class=\"elementor-image\">\n\t\t\t\t\t\t\t\t\t\t<img width=\"525\" height=\"525\" src=\"https:\/\/wp.niebergall.fr\/wp-content\/uploads\/2020\/02\/Teufel-1024x1024.png\" class=\"attachment-large size-large\" alt=\"\" loading=\"lazy\" srcset=\"https:\/\/wp.niebergall.fr\/wp-content\/uploads\/2020\/02\/Teufel-1024x1024.png 1024w, https:\/\/wp.niebergall.fr\/wp-content\/uploads\/2020\/02\/Teufel-300x300.png 300w, https:\/\/wp.niebergall.fr\/wp-content\/uploads\/2020\/02\/Teufel-150x150.png 150w, https:\/\/wp.niebergall.fr\/wp-content\/uploads\/2020\/02\/Teufel-768x768.png 768w, https:\/\/wp.niebergall.fr\/wp-content\/uploads\/2020\/02\/Teufel-1536x1536.png 1536w, https:\/\/wp.niebergall.fr\/wp-content\/uploads\/2020\/02\/Teufel-100x100.png 100w, https:\/\/wp.niebergall.fr\/wp-content\/uploads\/2020\/02\/Teufel.png 2000w\" sizes=\"100vw\" \/>\t\t\t\t\t\t\t\t\t\t\t<\/div>\n\t\t\t\t<\/div>\n\t\t\t\t<\/div>\n\t\t\t\t\t\t<\/div>\n\t\t\t\t\t<\/div>\n\t\t<\/div>\n\t\t\t\t\t\t\t\t<\/div>\n\t\t\t\t\t<\/div>\n\t\t<\/section>\n\t\t\t\t<section class=\"elementor-section elementor-top-section elementor-element elementor-element-015b293 elementor-section-boxed elementor-section-height-default elementor-section-height-default\" data-id=\"015b293\" data-element_type=\"section\">\n\t\t\t\t\t\t<div class=\"elementor-container elementor-column-gap-default\">\n\t\t\t\t\t\t\t<div class=\"elementor-row\">\n\t\t\t\t\t<div class=\"elementor-column elementor-col-100 elementor-top-column elementor-element elementor-element-d1c33c2\" data-id=\"d1c33c2\" data-element_type=\"column\">\n\t\t\t<div class=\"elementor-column-wrap elementor-element-populated\">\n\t\t\t\t\t\t\t<div class=\"elementor-widget-wrap\">\n\t\t\t\t\t\t<div class=\"elementor-element elementor-element-f083e0b elementor-widget elementor-widget-text-editor\" data-id=\"f083e0b\" data-element_type=\"widget\" data-widget_type=\"text-editor.default\">\n\t\t\t\t<div class=\"elementor-widget-container\">\n\t\t\t\t\t<div class=\"elementor-text-editor elementor-clearfix\"><p>Dass ist meine Vorstellung von einem Teufel =&gt; Den klassischen Dreizack fand ich einfach zu langweilig. Sag mir durch einen Kommentar deine Meinung oder einen Verbesserungsvorschlag.<\/p>\n<p>Auf Absprache mit mir und mit einer Quellenangabe, d\u00fcrft ihr alle Bilder hier\u00a0 benutzen.<\/p><\/div>\n\t\t\t\t<\/div>\n\t\t\t\t<\/div>\n\t\t\t\t\t\t<\/div>\n\t\t\t\t\t<\/div>\n\t\t<\/div>\n\t\t\t\t\t\t\t\t<\/div>\n\t\t\t\t\t<\/div>\n\t\t<\/section>\n\t\t\t\t\t\t<\/div>\n\t\t\t\t\t\t<\/div>\n\t\t\t\t\t<\/div>\n\t\t","protected":false},"excerpt":{"rendered":"<p>Schreibe bitte deine Meinung in die Kommentare Hier habe ich mich von einer der vielen Kreaturen aus ERAGON inspirieren lassen. Mein erstes Bild mit dem Zeichen-Tablett! Schreib bitte in die Kommentare was du dazu meinst. Ich bin gerne auch f\u00fcr weitere Ideen empf\u00e4nglich, ich ver\u00f6ffentliche sie dann in diesem Blog Dass ist meine Vorstellung von &hellip; <\/p>\n<p class=\"link-more\"><a href=\"https:\/\/wp.niebergall.fr\/index.php\/startseite\/zeichenblog\/\" class=\"more-link\"><span class=\"screen-reader-text\">\u201eZeichenblog\u201c<\/span> weiterlesen<\/a><\/p>\n","protected":false},"author":1,"featured_media":0,"parent":10,"menu_order":0,"comment_status":"open","ping_status":"closed","template":"","meta":[],"_links":{"self":[{"href":"https:\/\/wp.niebergall.fr\/index.php\/wp-json\/wp\/v2\/pages\/47"}],"collection":[{"href":"https:\/\/wp.niebergall.fr\/index.php\/wp-json\/wp\/v2\/pages"}],"about":[{"href":"https:\/\/wp.niebergall.fr\/index.php\/wp-json\/wp\/v2\/types\/page"}],"author":[{"embeddable":true,"href":"https:\/\/wp.niebergall.fr\/index.php\/wp-json\/wp\/v2\/users\/1"}],"replies":[{"embeddable":true,"href":"https:\/\/wp.niebergall.fr\/index.php\/wp-json\/wp\/v2\/comments?post=47"}],"version-history":[{"count":12,"href":"https:\/\/wp.niebergall.fr\/index.php\/wp-json\/wp\/v2\/pages\/47\/revisions"}],"predecessor-version":[{"id":78,"href":"https:\/\/wp.niebergall.fr\/index.php\/wp-json\/wp\/v2\/pages\/47\/revisions\/78"}],"up":[{"embeddable":true,"href":"https:\/\/wp.niebergall.fr\/index.php\/wp-json\/wp\/v2\/pages\/10"}],"wp:attachment":[{"href":"https:\/\/wp.niebergall.fr\/index.php\/wp-json\/wp\/v2\/media?parent=47"}],"curies":[{"name":"wp","href":"https:\/\/api.w.org\/{rel}","templated":true}]}}