{"id":11,"date":"2018-12-05T15:25:49","date_gmt":"2018-12-05T15:25:49","guid":{"rendered":"https:\/\/wp.niebergall.fr\/?page_id=11"},"modified":"2020-02-10T12:25:03","modified_gmt":"2020-02-10T12:25:03","slug":"ueber-mich","status":"publish","type":"page","link":"https:\/\/wp.niebergall.fr\/index.php\/ueber-mich\/","title":{"rendered":"\u00dcber mich"},"content":{"rendered":"<p>Ich bin schon l\u00e4nger k\u00fcnstlerisch T\u00e4tig und Habe vor kurzem diese Webseite erstellt um Ideen und Inspirationen von anderen in die Tat umzusetzen<\/p>\n\n\n<p><\/p>\n","protected":false},"excerpt":{"rendered":"<p>Ich bin schon l\u00e4nger k\u00fcnstlerisch T\u00e4tig und Habe vor kurzem diese Webseite erstellt um Ideen und Inspirationen von anderen in die Tat umzusetzen<\/p>\n","protected":false},"author":1,"featured_media":8,"parent":0,"menu_order":0,"comment_status":"closed","ping_status":"closed","template":"","meta":[],"_links":{"self":[{"href":"https:\/\/wp.niebergall.fr\/index.php\/wp-json\/wp\/v2\/pages\/11"}],"collection":[{"href":"https:\/\/wp.niebergall.fr\/index.php\/wp-json\/wp\/v2\/pages"}],"about":[{"href":"https:\/\/wp.niebergall.fr\/index.php\/wp-json\/wp\/v2\/types\/page"}],"author":[{"embeddable":true,"href":"https:\/\/wp.niebergall.fr\/index.php\/wp-json\/wp\/v2\/users\/1"}],"replies":[{"embeddable":true,"href":"https:\/\/wp.niebergall.fr\/index.php\/wp-json\/wp\/v2\/comments?post=11"}],"version-history":[{"count":3,"href":"https:\/\/wp.niebergall.fr\/index.php\/wp-json\/wp\/v2\/pages\/11\/revisions"}],"predecessor-version":[{"id":67,"href":"https:\/\/wp.niebergall.fr\/index.php\/wp-json\/wp\/v2\/pages\/11\/revisions\/67"}],"wp:featuredmedia":[{"embeddable":true,"href":"https:\/\/wp.niebergall.fr\/index.php\/wp-json\/wp\/v2\/media\/8"}],"wp:attachment":[{"href":"https:\/\/wp.niebergall.fr\/index.php\/wp-json\/wp\/v2\/media?parent=11"}],"curies":[{"name":"wp","href":"https:\/\/api.w.org\/{rel}","templated":true}]}}